{"id":294,"date":"2022-10-27T19:39:36","date_gmt":"2022-10-27T19:39:36","guid":{"rendered":"https:\/\/physikertheater.de\/?page_id=294"},"modified":"2025-11-06T17:25:08","modified_gmt":"2025-11-06T17:25:08","slug":"offene-proben","status":"publish","type":"page","link":"https:\/\/physikertheater.de\/?page_id=294","title":{"rendered":"Offene Proben"},"content":{"rendered":"\n<figure class=\"wp-block-image size-large\"><img loading=\"lazy\" decoding=\"async\" width=\"1024\" height=\"1024\" src=\"https:\/\/physikertheater.de\/wp-content\/uploads\/2022\/10\/Offene-Probe-1024x1024.png\" alt=\"\" class=\"wp-image-295\" srcset=\"https:\/\/physikertheater.de\/wp-content\/uploads\/2022\/10\/Offene-Probe-1024x1024.png 1024w, https:\/\/physikertheater.de\/wp-content\/uploads\/2022\/10\/Offene-Probe-300x300.png 300w, https:\/\/physikertheater.de\/wp-content\/uploads\/2022\/10\/Offene-Probe-150x150.png 150w, https:\/\/physikertheater.de\/wp-content\/uploads\/2022\/10\/Offene-Probe-768x768.png 768w, https:\/\/physikertheater.de\/wp-content\/uploads\/2022\/10\/Offene-Probe.png 1080w\" sizes=\"auto, (max-width: 1024px) 100vw, 1024px\" \/><\/figure>\n\n\n\n<p>M\u00fcde vom \u00dcbungsbl\u00e4tter rechnen oder einfach Lust auf etwas Abwechslung vom Studialltag? Dann komm zu unserer w\u00f6chentlichen offenen Probe! Jede*r kann mitmachen, Vorkenntnisse braucht es nicht. Diese finden in der Vorlesungszeit (fast) immer donnerstags von 19:30 bis 21 Uhr im Physikflachbau statt. Treffpunkt ist in der Physik-Fachschaft (abweichendes wird vor den jeweiligen Terminen \u00fcber die Theater-L und Instagram bekannt gegeben). <\/p>\n\n\n\n<p>Es werden grundlegende Theatertechniken, und Ideen erkl\u00e4rt. Zudem wird ein wenig improvisiert und es werden verschiedene Theaterspiele gemacht. Nach der Probe wird meistens gemeinsam in der Fachschaft gequatscht, getrunken, und einfach menschlich interagiert.<\/p>\n\n\n\n<p>Wenn ihr noch von anderen Menschen kennt, die Lust auf die Proben haben k\u00f6nnten, schleppt sie gerne jederzeit mit &#8211; egal ob Physikstudierende oder nicht.<\/p>\n\n\n\n<p><\/p>\n","protected":false},"excerpt":{"rendered":"<p>M\u00fcde vom \u00dcbungsbl\u00e4tter rechnen oder einfach Lust auf etwas Abwechslung vom Studialltag? Dann komm zu unserer w\u00f6chentlichen offenen Probe! Jede*r kann mitmachen, Vorkenntnisse braucht es nicht. Diese finden in der Vorlesungszeit (fast) immer donnerstags von 19:30 bis 21 Uhr im Physikflachbau statt. Treffpunkt ist in der Physik-Fachschaft (abweichendes wird vor den jeweiligen Terminen \u00fcber die &hellip; <a href=\"https:\/\/physikertheater.de\/?page_id=294\" class=\"more-link\"><span class=\"screen-reader-text\">Offene Proben<\/span> weiterlesen<\/a><\/p>\n","protected":false},"author":7,"featured_media":0,"parent":0,"menu_order":0,"comment_status":"closed","ping_status":"closed","template":"","meta":{"footnotes":""},"class_list":["post-294","page","type-page","status-publish","hentry"],"_links":{"self":[{"href":"https:\/\/physikertheater.de\/index.php?rest_route=\/wp\/v2\/pages\/294","targetHints":{"allow":["GET"]}}],"collection":[{"href":"https:\/\/physikertheater.de\/index.php?rest_route=\/wp\/v2\/pages"}],"about":[{"href":"https:\/\/physikertheater.de\/index.php?rest_route=\/wp\/v2\/types\/page"}],"author":[{"embeddable":true,"href":"https:\/\/physikertheater.de\/index.php?rest_route=\/wp\/v2\/users\/7"}],"replies":[{"embeddable":true,"href":"https:\/\/physikertheater.de\/index.php?rest_route=%2Fwp%2Fv2%2Fcomments&post=294"}],"version-history":[{"count":7,"href":"https:\/\/physikertheater.de\/index.php?rest_route=\/wp\/v2\/pages\/294\/revisions"}],"predecessor-version":[{"id":555,"href":"https:\/\/physikertheater.de\/index.php?rest_route=\/wp\/v2\/pages\/294\/revisions\/555"}],"wp:attachment":[{"href":"https:\/\/physikertheater.de\/index.php?rest_route=%2Fwp%2Fv2%2Fmedia&parent=294"}],"curies":[{"name":"wp","href":"https:\/\/api.w.org\/{rel}","templated":true}]}}