{"id":244,"date":"2022-09-23T21:29:52","date_gmt":"2022-09-23T21:29:52","guid":{"rendered":"https:\/\/physikertheater.de\/?page_id=244"},"modified":"2025-10-31T12:04:55","modified_gmt":"2025-10-31T12:04:55","slug":"anfahrt","status":"publish","type":"page","link":"https:\/\/physikertheater.de\/?page_id=244","title":{"rendered":"Anfahrt"},"content":{"rendered":"\n<p>Die meisten unserer Auff\u00fchrungen finden im Gaede-H\u00f6rsaal statt. <br>Dieser ist in dem Physikflachbau &#8211; <strong>Geb\u00e4ude 30.22, Engesserstra\u00dfe 7, 76131 Karlsruhe <\/strong>&#8211; auf dem KIT Campus S\u00fcd. Der H\u00f6rsaal befindet sich im westlichen Teil des Geb\u00e4udes und hat einen Eingang im 2. Obergeschoss.<\/p>\n\n\n\n<p><strong>Mit dem Fahrrad:<\/strong><em> <\/em>Vor dem Flachbau sind einige Fahrradst\u00e4nder, an denen Sie parken k\u00f6nnen.<br><strong>Mit der Bahn:<\/strong> Die dichteste Bahnhaltestelle ist Kronenplatz, aber auch vom Marktplatz ist der Weg nicht weit.<br><strong>Mit dem Auto: <\/strong>Auf den Campus S\u00fcd kann man nur als Anlieger oder Mitarbeitende des KIT fahren. Es kann beispielsweise auf dem Waldparkplatz an der Informatik (Adenauerring 20, 76131 Karlsruhe) kostenlos geparkt werden oder relativ billig in der Parkgarrage Fassanengarten (Am Fasanengarten, 76131 Karlsruhe). Von beiden braucht man noch etwa 12 Minuten zu Fu\u00df bis zum Physikgeb\u00e4ude.<\/p>\n\n\n<p><iframe loading=\"lazy\" style=\"border: 0;\" src=\"https:\/\/www.google.com\/maps\/embed?pb=!1m18!1m12!1m3!1d2616.897630538815!2d8.410412499999998!3d49.0125325!2m3!1f0!2f0!3f0!3m2!1i1024!2i768!4f13.1!3m3!1m2!1s0x47970649efc45bb1%3A0x5408bed10c9cd598!2sKIT%20Gaede-H%C3%B6rsaal!5e0!3m2!1sde!2ses!4v1663967003982!5m2!1sde!2ses\" allowfullscreen=\"allowfullscreen\" width=\"600\" height=\"450\"><\/iframe><\/p>","protected":false},"excerpt":{"rendered":"<p>Die meisten unserer Auff\u00fchrungen finden im Gaede-H\u00f6rsaal statt. Dieser ist in dem Physikflachbau &#8211; Geb\u00e4ude 30.22, Engesserstra\u00dfe 7, 76131 Karlsruhe &#8211; auf dem KIT Campus S\u00fcd. Der H\u00f6rsaal befindet sich im westlichen Teil des Geb\u00e4udes und hat einen Eingang im 2. Obergeschoss. Mit dem Fahrrad: Vor dem Flachbau sind einige Fahrradst\u00e4nder, an denen Sie parken &hellip; <a href=\"https:\/\/physikertheater.de\/?page_id=244\" class=\"more-link\"><span class=\"screen-reader-text\">Anfahrt<\/span> weiterlesen<\/a><\/p>\n","protected":false},"author":7,"featured_media":0,"parent":0,"menu_order":0,"comment_status":"closed","ping_status":"closed","template":"","meta":{"footnotes":""},"class_list":["post-244","page","type-page","status-publish","hentry"],"_links":{"self":[{"href":"https:\/\/physikertheater.de\/index.php?rest_route=\/wp\/v2\/pages\/244","targetHints":{"allow":["GET"]}}],"collection":[{"href":"https:\/\/physikertheater.de\/index.php?rest_route=\/wp\/v2\/pages"}],"about":[{"href":"https:\/\/physikertheater.de\/index.php?rest_route=\/wp\/v2\/types\/page"}],"author":[{"embeddable":true,"href":"https:\/\/physikertheater.de\/index.php?rest_route=\/wp\/v2\/users\/7"}],"replies":[{"embeddable":true,"href":"https:\/\/physikertheater.de\/index.php?rest_route=%2Fwp%2Fv2%2Fcomments&post=244"}],"version-history":[{"count":10,"href":"https:\/\/physikertheater.de\/index.php?rest_route=\/wp\/v2\/pages\/244\/revisions"}],"predecessor-version":[{"id":503,"href":"https:\/\/physikertheater.de\/index.php?rest_route=\/wp\/v2\/pages\/244\/revisions\/503"}],"wp:attachment":[{"href":"https:\/\/physikertheater.de\/index.php?rest_route=%2Fwp%2Fv2%2Fmedia&parent=244"}],"curies":[{"name":"wp","href":"https:\/\/api.w.org\/{rel}","templated":true}]}}